{"id":634,"date":"2015-10-29T11:30:10","date_gmt":"2015-10-29T10:30:10","guid":{"rendered":"http:\/\/www.kraftraum-design.com\/?page_id=634"},"modified":"2015-10-30T18:24:39","modified_gmt":"2015-10-30T17:24:39","slug":"entrepreneurship-entrepreneurial-design","status":"publish","type":"page","link":"https:\/\/www.kraftraum-design.de\/index.php\/entrepreneurship-entrepreneurial-design\/","title":{"rendered":"Entrepreneurship Entrepreneurial Design"},"content":{"rendered":"<p class=\"lead\">\nEntrepreneurship<\/p>\n\n<p>&nbsp;<\/p>\n<p>Bei vielen unserer Projekte handelt es sich um Initiativprojekte. Meistens kommt die Motivation f\u00fcr solche Projekte aus der genauen Beobachtung unserer Umwelt. Dort wo wir Unstimmigkeiten, umst\u00e4ndliche Handlungsabl\u00e4ufe oder Bed\u00fcrfnisse wahrnehmen handeln wir und entwickeln eine Projektidee.<br \/>\nMeist ist f\u00fcr die Umsetzung solcher Projekte die Expertise anderer Partner gefragt. Diese recherchieren wir und w\u00e4hlen sie nach unseren hohen Qualit\u00e4tsma\u00dfst\u00e4ben aus. Wir bilden Projektteams und bringen die Idee in die Umsetzung. Nach unserer \u00dcberzeugung k\u00f6nnen Projekte nur dann bestehen, wenn sie auf eine breite Akzeptanz treffen. Das Design einer neuen Unternehmung geht weit \u00fcber die \u00fcbliche Designauffassung hinaus. Nach unserer \u00dcberzeugung lassen sich aber nur auf diese Weise wirklich neue Ideen realisieren.<\/p>\n","protected":false},"excerpt":{"rendered":"<p>&nbsp; Bei vielen unserer Projekte handelt es sich um Initiativprojekte. Meistens kommt die Motivation f\u00fcr solche Projekte aus der genauen Beobachtung unserer Umwelt. Dort wo wir Unstimmigkeiten, umst\u00e4ndliche Handlungsabl\u00e4ufe oder Bed\u00fcrfnisse wahrnehmen handeln wir und entwickeln eine Projektidee. Meist ist f\u00fcr die Umsetzung solcher Projekte die Expertise anderer Partner gefragt. Diese recherchieren wir und w\u00e4hlen&hellip;<\/p>\n","protected":false},"author":1,"featured_media":0,"parent":0,"menu_order":0,"comment_status":"closed","ping_status":"closed","template":"","meta":[],"_links":{"self":[{"href":"https:\/\/www.kraftraum-design.de\/index.php\/wp-json\/wp\/v2\/pages\/634"}],"collection":[{"href":"https:\/\/www.kraftraum-design.de\/index.php\/wp-json\/wp\/v2\/pages"}],"about":[{"href":"https:\/\/www.kraftraum-design.de\/index.php\/wp-json\/wp\/v2\/types\/page"}],"author":[{"embeddable":true,"href":"https:\/\/www.kraftraum-design.de\/index.php\/wp-json\/wp\/v2\/users\/1"}],"replies":[{"embeddable":true,"href":"https:\/\/www.kraftraum-design.de\/index.php\/wp-json\/wp\/v2\/comments?post=634"}],"version-history":[{"count":4,"href":"https:\/\/www.kraftraum-design.de\/index.php\/wp-json\/wp\/v2\/pages\/634\/revisions"}],"predecessor-version":[{"id":700,"href":"https:\/\/www.kraftraum-design.de\/index.php\/wp-json\/wp\/v2\/pages\/634\/revisions\/700"}],"wp:attachment":[{"href":"https:\/\/www.kraftraum-design.de\/index.php\/wp-json\/wp\/v2\/media?parent=634"}],"curies":[{"name":"wp","href":"https:\/\/api.w.org\/{rel}","templated":true}]}}