{"id":628,"date":"2015-10-29T11:29:01","date_gmt":"2015-10-29T10:29:01","guid":{"rendered":"http:\/\/www.kraftraum-design.com\/?page_id=628"},"modified":"2015-10-30T11:14:16","modified_gmt":"2015-10-30T10:14:16","slug":"consumer-goods","status":"publish","type":"page","link":"https:\/\/www.kraftraum-design.de\/index.php\/consumer-goods\/","title":{"rendered":"Interactive Design"},"content":{"rendered":"<p>Interaktive Produkte faszinieren uns durch dei Verkn\u00fcpfung von realen Produkten mit virtuellen Funktionen seit jeher.<br \/>\nDie Studie f\u00fcr einen Bordcomputer von dem wesentliche Teile, vor allem die Struktur der Bedienung, im Audi A8 der zweiten Generation Ber\u00fccksichtigung fanden ist ein Beispiel daf\u00fcr. Zum ersten Mal wurden \u00fcber 1000 Funktionen in einem einfach zu bedienenden Interface zusammengebracht, ohne den Benutzer zu verwirren.<\/p>\n","protected":false},"excerpt":{"rendered":"<p>Interaktive Produkte faszinieren uns durch dei Verkn\u00fcpfung von realen Produkten mit virtuellen Funktionen seit jeher. Die Studie f\u00fcr einen Bordcomputer von dem wesentliche Teile, vor allem die Struktur der Bedienung, im Audi A8 der zweiten Generation Ber\u00fccksichtigung fanden ist ein Beispiel daf\u00fcr. Zum ersten Mal wurden \u00fcber 1000 Funktionen in einem einfach zu bedienenden Interface&hellip;<\/p>\n","protected":false},"author":1,"featured_media":0,"parent":0,"menu_order":0,"comment_status":"closed","ping_status":"closed","template":"","meta":[],"_links":{"self":[{"href":"https:\/\/www.kraftraum-design.de\/index.php\/wp-json\/wp\/v2\/pages\/628"}],"collection":[{"href":"https:\/\/www.kraftraum-design.de\/index.php\/wp-json\/wp\/v2\/pages"}],"about":[{"href":"https:\/\/www.kraftraum-design.de\/index.php\/wp-json\/wp\/v2\/types\/page"}],"author":[{"embeddable":true,"href":"https:\/\/www.kraftraum-design.de\/index.php\/wp-json\/wp\/v2\/users\/1"}],"replies":[{"embeddable":true,"href":"https:\/\/www.kraftraum-design.de\/index.php\/wp-json\/wp\/v2\/comments?post=628"}],"version-history":[{"count":2,"href":"https:\/\/www.kraftraum-design.de\/index.php\/wp-json\/wp\/v2\/pages\/628\/revisions"}],"predecessor-version":[{"id":692,"href":"https:\/\/www.kraftraum-design.de\/index.php\/wp-json\/wp\/v2\/pages\/628\/revisions\/692"}],"wp:attachment":[{"href":"https:\/\/www.kraftraum-design.de\/index.php\/wp-json\/wp\/v2\/media?parent=628"}],"curies":[{"name":"wp","href":"https:\/\/api.w.org\/{rel}","templated":true}]}}