{"id":622,"date":"2015-10-29T11:28:13","date_gmt":"2015-10-29T10:28:13","guid":{"rendered":"http:\/\/www.kraftraum-design.com\/?page_id=622"},"modified":"2015-11-15T19:03:53","modified_gmt":"2015-11-15T18:03:53","slug":"industrial-design","status":"publish","type":"page","link":"https:\/\/www.kraftraum-design.de\/index.php\/industrial-design\/","title":{"rendered":"Industrial-Design"},"content":{"rendered":"<p>Since industrial-design was invented in the twenties of the last century much has changed. Not only the technical innovations changed the game. It&#8217;s the movement from esthetically driven work at the beginning to the focus on functionality and ergonomics in the following decades and the meaning of emotion in the designing process which was detected in the past.<br \/>\nWhat we see is that the shape of a product often doesn&#8217;t represent its use,because the technical components have changed dramatically over time, but the people still have traditional expectations to the appearance of a familiar product.<br \/>\n&#8220;Form follows function&#8221; simply do not work anymore.<br \/>\nAs you regard a car of today you see many formal aspects which show you the technology of yesterday. For example<br \/>\nDazu kommt die zunehmende Verselbstst\u00e4ndigung der Form vom eigentlichen Gebrauch, so dass die alte Formel \u201eForm follows Function\u201d nur noch in Ausnahmen anwendbar ist. Viele Produkte verlieren ihre urspr\u00fcngliche technologische Basis, sind aber formal im allgemein erwarteten Sch\u00f6nheitsideal der Vergangenheit gefangen. Ein illustres Beispiel ist das Auto. Obwohl heute die Mehrheit aller Autos Quermotoren besitzt, deutet die Gestaltung der Hauben immer noch auf einen L\u00e4ngsmotor hin und zudem oft auf ehemals freistehende Kotfl\u00fcgel. Jetzt stellt sich die Herausforderung die neuen Antriebsl\u00f6sungen wie Elektroantriebe in der Gestaltung entsprechend zu w\u00fcrdigen ohne die K\u00e4ufer vor den Kopf zu sto\u00dfen.<br \/>\nSpannende Herausforderungen, denen wir uns gerne stellen.<br \/>\nEin weiteres Ph\u00e4nomen ist die zunehmende Vernetzung der Technologien. So dass Funktionen, die fr\u00fcher eine Elektronik oder ein mechanischer Schalter \u00fcbernehmen musste virtuell ausgef\u00fchrt werden. Dennoch ben\u00f6tigt der Benutzer eine an seinem Erfahrungshorizont orientierte Bedienlogik.<\/p>\n<div id=\"grid-list-1\" class=\"grid-list gallery-grid-list\" \n\tdata-gridlist-ajax-button-text=\"Load More\" \n\tdata-gridlist-ajax-loading-text=\"Loading\" \n\tdata-gridlist-ajax-button-complete-text=\"No More Items\" \n\tdata-gridlist-pagination=\"ajax\" \n\tdata-gridlist-enable-deeplink=\"false\">\n\n\t\n<style>\n.isotope-grids-33800a3 .gutter-sizer {\n\twidth: 15px;\n}\n\/* Columns: 2, Gutter: 15 *\/\n@media (min-width: 640px) {\n\t.isotope-grids-33800a3 .grid, \n\t.isotope-grids-33800a3 .grid-sizer {\n\t\twidth: -webkit-calc(50% - 7.5px);\n\t\twidth: calc(50% - 7.5px);\n\t}\n}\n\/* Columns: 3, Gutter: 20 *\/\n@media (min-width: 992px) {\n\t.isotope-grids-33800a3 .gutter-sizer {\n\t\twidth: 20px;\n\t}\n\t.isotope-grids-33800a3 .grid, \n\t.isotope-grids-33800a3 .grid-sizer {\n\t\twidth: -webkit-calc(33.333333333333% - 13.333333333333px);\n\t\twidth: calc(33.333333333333% - 13.333333333333px);\n\t}\n\t.isotope-grids-33800a3 .grid.w2 {\n\t\twidth: -webkit-calc(66.666666666667% - 6.6666666666667px);\n\t\twidth: calc(66.666666666667% - 6.6666666666667px);\n\t}\n\t.isotope-grids-33800a3 .grid.w3 {\n\t\twidth: 100%;\n\t}\n}\n<\/style>\n<div class=\"isotope-grids isotope-grids-33800a3\" data-pswp-enable-zoom-in=\"true\">\n\n\t\t<div class=\"grid-sizer\"><\/div>\n\t\t<div class=\"gutter-sizer\"><\/div>\n\n\t\t<article class=\"industrial_design jewelry grid pswp-element post-765 gallery type-gallery status-publish has-post-thumbnail hentry gallery-category-industrial_design gallery-category-jewelry\" itemscope itemtype=\"https:\/\/schema.org\/ImageGallery\"><div class=\"grid-media\"><figure class=\"grid-media-image\" style=\"padding-top: 100%\">\n\t\t\t\t\t\t\t\t<img width=\"480\" height=\"480\" src=\"https:\/\/www.kraftraum-design.com\/wp-content\/uploads\/2015\/11\/High_Heel-480x480.jpg\" class=\"attachment-ichi_sm size-ichi_sm wp-post-image\" alt=\"\" decoding=\"async\" loading=\"lazy\" itemprop=\"image\" srcset=\"http:\/\/www.kraftraum-design.com\/wp-content\/uploads\/2015\/11\/High_Heel-480x480.jpg 480w, http:\/\/www.kraftraum-design.com\/wp-content\/uploads\/2015\/11\/High_Heel-150x150.jpg 150w, http:\/\/www.kraftraum-design.com\/wp-content\/uploads\/2015\/11\/High_Heel-300x300.jpg 300w, http:\/\/www.kraftraum-design.com\/wp-content\/uploads\/2015\/11\/High_Heel-1024x1024.jpg 1024w, http:\/\/www.kraftraum-design.com\/wp-content\/uploads\/2015\/11\/High_Heel-1360x1360.jpg 1360w, http:\/\/www.kraftraum-design.com\/wp-content\/uploads\/2015\/11\/High_Heel-960x960.jpg 960w, http:\/\/www.kraftraum-design.com\/wp-content\/uploads\/2015\/11\/High_Heel-720x720.jpg 720w, http:\/\/www.kraftraum-design.com\/wp-content\/uploads\/2015\/11\/High_Heel-320x320.jpg 320w, http:\/\/www.kraftraum-design.com\/wp-content\/uploads\/2015\/11\/High_Heel-128x128.jpg 128w, http:\/\/www.kraftraum-design.com\/wp-content\/uploads\/2015\/11\/High_Heel.jpg 1500w\" sizes=\"(max-width: 480px) 100vw, 480px\" \/>\t\t\t\t\t\t\t<\/figure><div class=\"grid-loader ichi-loader\"><\/div><\/div><div class=\"grid-overlay\"><a class=\"grid-overlay-content\" href=\"https:\/\/www.kraftraum-design.de\/index.php\/gallery\/jewelry\/\" itemprop=\"url\"><div class=\"grid-overlay-content-inner\"><h3 class=\"entry-title\" itemprop=\"name\">Jewelry<\/h3><div class=\"entry-meta\">Industrial Design, Jewelry<\/div><\/div><\/a><a href=\"#\" class=\"youxi-likes-button grid-link grid-like-this\" data-likes-post-id=\"765\" data-likes-ajax-url=\"https:\/\/www.kraftraum-design.com\/wp-admin\/admin-ajax.php\" data-likes-ajax-action=\"add_likes\" data-likes-ajax-nonce=\"4047f1c274\"><meta itemprop=\"interactionCount\" content=\"UserLikes:0\"><i class=\"fa fa-heart-o\"><\/i> <span class=\"youxi-likes-count\">0<\/span><\/a><a class=\"grid-link grid-link-right grid-zoom-in pswp-trigger\" href=\"https:\/\/www.kraftraum-design.com\/wp-content\/uploads\/2015\/11\/High_Heel.jpg\" data-pswp=\"{&quot;src&quot;:&quot;https:\\\/\\\/www.kraftraum-design.com\\\/wp-content\\\/uploads\\\/2015\\\/11\\\/High_Heel.jpg&quot;,&quot;w&quot;:1500,&quot;h&quot;:1500,&quot;msrc&quot;:&quot;https:\\\/\\\/www.kraftraum-design.com\\\/wp-content\\\/uploads\\\/2015\\\/11\\\/High_Heel-480x480.jpg&quot;}\">Enlarge<\/a><div class=\"grid-overlay-bg\"><\/div><\/div><\/article><article class=\"industrial_design grid pswp-element post-754 gallery type-gallery status-publish has-post-thumbnail hentry gallery-category-industrial_design\" itemscope itemtype=\"https:\/\/schema.org\/ImageGallery\"><div class=\"grid-media\"><figure class=\"grid-media-image\" style=\"padding-top: 96.388261851016%\">\n\t\t\t\t\t\t\t\t<img width=\"480\" height=\"463\" src=\"https:\/\/www.kraftraum-design.com\/wp-content\/uploads\/2015\/11\/Gigaset_from_left-Kopie-e1453656386320-480x463.jpg\" class=\"attachment-ichi_sm size-ichi_sm wp-post-image\" alt=\"\" decoding=\"async\" loading=\"lazy\" itemprop=\"image\" srcset=\"http:\/\/www.kraftraum-design.com\/wp-content\/uploads\/2015\/11\/Gigaset_from_left-Kopie-e1453656386320-480x463.jpg 480w, http:\/\/www.kraftraum-design.com\/wp-content\/uploads\/2015\/11\/Gigaset_from_left-Kopie-e1453656386320-300x289.jpg 300w, http:\/\/www.kraftraum-design.com\/wp-content\/uploads\/2015\/11\/Gigaset_from_left-Kopie-e1453656386320-1024x987.jpg 1024w, http:\/\/www.kraftraum-design.com\/wp-content\/uploads\/2015\/11\/Gigaset_from_left-Kopie-e1453656386320-960x925.jpg 960w, http:\/\/www.kraftraum-design.com\/wp-content\/uploads\/2015\/11\/Gigaset_from_left-Kopie-e1453656386320-720x694.jpg 720w, http:\/\/www.kraftraum-design.com\/wp-content\/uploads\/2015\/11\/Gigaset_from_left-Kopie-e1453656386320-320x308.jpg 320w, http:\/\/www.kraftraum-design.com\/wp-content\/uploads\/2015\/11\/Gigaset_from_left-Kopie-e1453656386320-128x123.jpg 128w, http:\/\/www.kraftraum-design.com\/wp-content\/uploads\/2015\/11\/Gigaset_from_left-Kopie-e1453656386320.jpg 1329w\" sizes=\"(max-width: 480px) 100vw, 480px\" \/>\t\t\t\t\t\t\t<\/figure><div class=\"grid-loader ichi-loader\"><\/div><\/div><div class=\"grid-overlay\"><a class=\"grid-overlay-content\" href=\"https:\/\/www.kraftraum-design.de\/index.php\/gallery\/gigaset-siemens-phone\/\" itemprop=\"url\"><div class=\"grid-overlay-content-inner\"><h3 class=\"entry-title\" itemprop=\"name\">Gigaset Siemens Phone<\/h3><div class=\"entry-meta\">Industrial Design<\/div><\/div><\/a><a href=\"#\" class=\"youxi-likes-button grid-link grid-like-this\" data-likes-post-id=\"754\" data-likes-ajax-url=\"https:\/\/www.kraftraum-design.com\/wp-admin\/admin-ajax.php\" data-likes-ajax-action=\"add_likes\" data-likes-ajax-nonce=\"bc689c7ed9\"><meta itemprop=\"interactionCount\" content=\"UserLikes:0\"><i class=\"fa fa-heart-o\"><\/i> <span class=\"youxi-likes-count\">0<\/span><\/a><a class=\"grid-link grid-link-right grid-zoom-in pswp-trigger\" href=\"https:\/\/www.kraftraum-design.com\/wp-content\/uploads\/2015\/11\/Gigaset_from_left-Kopie-e1453656386320.jpg\" data-pswp=\"{&quot;src&quot;:&quot;https:\\\/\\\/www.kraftraum-design.com\\\/wp-content\\\/uploads\\\/2015\\\/11\\\/Gigaset_from_left-Kopie-e1453656386320.jpg&quot;,&quot;w&quot;:1329,&quot;h&quot;:1281,&quot;msrc&quot;:&quot;https:\\\/\\\/www.kraftraum-design.com\\\/wp-content\\\/uploads\\\/2015\\\/11\\\/Gigaset_from_left-Kopie-e1453656386320-480x463.jpg&quot;}\">Enlarge<\/a><div class=\"grid-overlay-bg\"><\/div><\/div><\/article><article class=\"industrial_design grid pswp-element post-745 gallery type-gallery status-publish has-post-thumbnail hentry gallery-category-industrial_design\" itemscope itemtype=\"https:\/\/schema.org\/ImageGallery\"><div class=\"grid-media\"><figure class=\"grid-media-image\" style=\"padding-top: 62.5%\">\n\t\t\t\t\t\t\t\t<img width=\"480\" height=\"300\" src=\"https:\/\/www.kraftraum-design.com\/wp-content\/uploads\/2015\/11\/LanciaD50_vorn_seite-Kopie-480x300.jpg\" class=\"attachment-ichi_sm size-ichi_sm wp-post-image\" alt=\"\" decoding=\"async\" loading=\"lazy\" itemprop=\"image\" srcset=\"http:\/\/www.kraftraum-design.com\/wp-content\/uploads\/2015\/11\/LanciaD50_vorn_seite-Kopie-480x300.jpg 480w, http:\/\/www.kraftraum-design.com\/wp-content\/uploads\/2015\/11\/LanciaD50_vorn_seite-Kopie-300x188.jpg 300w, http:\/\/www.kraftraum-design.com\/wp-content\/uploads\/2015\/11\/LanciaD50_vorn_seite-Kopie-1024x640.jpg 1024w, http:\/\/www.kraftraum-design.com\/wp-content\/uploads\/2015\/11\/LanciaD50_vorn_seite-Kopie-1360x850.jpg 1360w, http:\/\/www.kraftraum-design.com\/wp-content\/uploads\/2015\/11\/LanciaD50_vorn_seite-Kopie-960x600.jpg 960w, http:\/\/www.kraftraum-design.com\/wp-content\/uploads\/2015\/11\/LanciaD50_vorn_seite-Kopie-720x450.jpg 720w, http:\/\/www.kraftraum-design.com\/wp-content\/uploads\/2015\/11\/LanciaD50_vorn_seite-Kopie-320x200.jpg 320w, http:\/\/www.kraftraum-design.com\/wp-content\/uploads\/2015\/11\/LanciaD50_vorn_seite-Kopie-128x80.jpg 128w, http:\/\/www.kraftraum-design.com\/wp-content\/uploads\/2015\/11\/LanciaD50_vorn_seite-Kopie.jpg 1920w\" sizes=\"(max-width: 480px) 100vw, 480px\" \/>\t\t\t\t\t\t\t<\/figure><div class=\"grid-loader ichi-loader\"><\/div><\/div><div class=\"grid-overlay\"><a class=\"grid-overlay-content\" href=\"https:\/\/www.kraftraum-design.de\/index.php\/gallery\/lancia-ferrari-d50\/\" itemprop=\"url\"><div class=\"grid-overlay-content-inner\"><h3 class=\"entry-title\" itemprop=\"name\">Lancia Ferrari D50<\/h3><div class=\"entry-meta\">Industrial Design<\/div><\/div><\/a><a href=\"#\" class=\"youxi-likes-button grid-link grid-like-this\" data-likes-post-id=\"745\" data-likes-ajax-url=\"https:\/\/www.kraftraum-design.com\/wp-admin\/admin-ajax.php\" data-likes-ajax-action=\"add_likes\" data-likes-ajax-nonce=\"2eba613119\"><meta itemprop=\"interactionCount\" content=\"UserLikes:0\"><i class=\"fa fa-heart-o\"><\/i> <span class=\"youxi-likes-count\">0<\/span><\/a><a class=\"grid-link grid-link-right grid-zoom-in pswp-trigger\" href=\"https:\/\/www.kraftraum-design.com\/wp-content\/uploads\/2015\/11\/LanciaD50_vorn_seite-Kopie.jpg\" data-pswp=\"{&quot;src&quot;:&quot;https:\\\/\\\/www.kraftraum-design.com\\\/wp-content\\\/uploads\\\/2015\\\/11\\\/LanciaD50_vorn_seite-Kopie.jpg&quot;,&quot;w&quot;:1920,&quot;h&quot;:1200,&quot;msrc&quot;:&quot;https:\\\/\\\/www.kraftraum-design.com\\\/wp-content\\\/uploads\\\/2015\\\/11\\\/LanciaD50_vorn_seite-Kopie-480x300.jpg&quot;}\">Enlarge<\/a><div class=\"grid-overlay-bg\"><\/div><\/div><\/article>\n\t<\/div>\n\n\t\n<\/div>\n\n","protected":false},"excerpt":{"rendered":"<p>Since industrial-design was invented in the twenties of the last century much has changed. Not only the technical innovations changed the game. It&#8217;s the movement from esthetically driven work at the beginning to the focus on functionality and ergonomics in the following decades and the meaning of emotion in the designing process which was detected&hellip;<\/p>\n","protected":false},"author":1,"featured_media":758,"parent":0,"menu_order":0,"comment_status":"closed","ping_status":"closed","template":"","meta":[],"_links":{"self":[{"href":"https:\/\/www.kraftraum-design.de\/index.php\/wp-json\/wp\/v2\/pages\/622"}],"collection":[{"href":"https:\/\/www.kraftraum-design.de\/index.php\/wp-json\/wp\/v2\/pages"}],"about":[{"href":"https:\/\/www.kraftraum-design.de\/index.php\/wp-json\/wp\/v2\/types\/page"}],"author":[{"embeddable":true,"href":"https:\/\/www.kraftraum-design.de\/index.php\/wp-json\/wp\/v2\/users\/1"}],"replies":[{"embeddable":true,"href":"https:\/\/www.kraftraum-design.de\/index.php\/wp-json\/wp\/v2\/comments?post=622"}],"version-history":[{"count":8,"href":"https:\/\/www.kraftraum-design.de\/index.php\/wp-json\/wp\/v2\/pages\/622\/revisions"}],"predecessor-version":[{"id":762,"href":"https:\/\/www.kraftraum-design.de\/index.php\/wp-json\/wp\/v2\/pages\/622\/revisions\/762"}],"wp:featuredmedia":[{"embeddable":true,"href":"https:\/\/www.kraftraum-design.de\/index.php\/wp-json\/wp\/v2\/media\/758"}],"wp:attachment":[{"href":"https:\/\/www.kraftraum-design.de\/index.php\/wp-json\/wp\/v2\/media?parent=622"}],"curies":[{"name":"wp","href":"https:\/\/api.w.org\/{rel}","templated":true}]}}