{"id":620,"date":"2015-10-29T11:27:51","date_gmt":"2015-10-29T10:27:51","guid":{"rendered":"http:\/\/www.kraftraum-design.com\/?page_id=620"},"modified":"2016-01-24T18:09:31","modified_gmt":"2016-01-24T17:09:31","slug":"allgemein","status":"publish","type":"page","link":"https:\/\/www.kraftraum-design.de\/index.php\/allgemein\/","title":{"rendered":"Why we search for partners"},"content":{"rendered":"<p>Wir entwickeln unsere Projekte zusammen mit unseren Projektpartnern. F\u00fcr Initiativprojekte suchen wir weltweit die besten und geeignetsten Fachleute und Unternehmen, um das optimale Projekt umzusetzen.<br \/>\nAuftragsprojekte behandeln wir nicht viel anders. Nur das wir gefragt werden unsere Expertise in das Team einzubringen.<br \/>\nWir betrachten alle Partner als Teamplayer, die gemeinsam l\u00f6sungsorientiert am Projekt mitarbeiten. Unser Antrieb ist die Suche nach maximaler Qualit\u00e4t und einzigartiger Funktionalit\u00e4t. Dabei geht es uns nicht um vordergr\u00fcndige Effekte und Moden, sondern um echten erlebbaren Mehrwert.<\/p>\n","protected":false},"excerpt":{"rendered":"<p>Wir entwickeln unsere Projekte zusammen mit unseren Projektpartnern. F\u00fcr Initiativprojekte suchen wir weltweit die besten und geeignetsten Fachleute und Unternehmen, um das optimale Projekt umzusetzen. Auftragsprojekte behandeln wir nicht viel anders. Nur das wir gefragt werden unsere Expertise in das Team einzubringen. Wir betrachten alle Partner als Teamplayer, die gemeinsam l\u00f6sungsorientiert am Projekt mitarbeiten. Unser&hellip;<\/p>\n","protected":false},"author":1,"featured_media":0,"parent":0,"menu_order":0,"comment_status":"closed","ping_status":"closed","template":"","meta":[],"_links":{"self":[{"href":"https:\/\/www.kraftraum-design.de\/index.php\/wp-json\/wp\/v2\/pages\/620"}],"collection":[{"href":"https:\/\/www.kraftraum-design.de\/index.php\/wp-json\/wp\/v2\/pages"}],"about":[{"href":"https:\/\/www.kraftraum-design.de\/index.php\/wp-json\/wp\/v2\/types\/page"}],"author":[{"embeddable":true,"href":"https:\/\/www.kraftraum-design.de\/index.php\/wp-json\/wp\/v2\/users\/1"}],"replies":[{"embeddable":true,"href":"https:\/\/www.kraftraum-design.de\/index.php\/wp-json\/wp\/v2\/comments?post=620"}],"version-history":[{"count":3,"href":"https:\/\/www.kraftraum-design.de\/index.php\/wp-json\/wp\/v2\/pages\/620\/revisions"}],"predecessor-version":[{"id":736,"href":"https:\/\/www.kraftraum-design.de\/index.php\/wp-json\/wp\/v2\/pages\/620\/revisions\/736"}],"wp:attachment":[{"href":"https:\/\/www.kraftraum-design.de\/index.php\/wp-json\/wp\/v2\/media?parent=620"}],"curies":[{"name":"wp","href":"https:\/\/api.w.org\/{rel}","templated":true}]}}