{"id":636,"date":"2015-10-29T11:30:29","date_gmt":"2015-10-29T10:30:29","guid":{"rendered":"http:\/\/www.kraftraum-design.com\/?page_id=636"},"modified":"2015-10-30T18:26:22","modified_gmt":"2015-10-30T17:26:22","slug":"bildung-training","status":"publish","type":"page","link":"http:\/\/www.kraftraum-design.de\/index.php\/bildung-training\/","title":{"rendered":"Bildung Training"},"content":{"rendered":"<p class=\"lead\">\nEducation, Training, Coaching<\/p>\n\nNeue Arbeitsweisen, innovative Technologien und Kreativtechniken sind unser t\u00e4gliches Arbeitsumfeld seit \u00fcber 20 Jahren. Wir sind \u00fcberzeugt davon, dass die Verbreitung unseres Wissens zu einem Mehrwert f\u00fcr die Gesellschaft f\u00fchrt. Daher bieten wir eine Reihe von Standardtrainings an. Wir nehmen uns aber auch gern ihren spezifischen Problemen an und helfen Ihnen dabei sie zu l\u00f6sen. F\u00fcr einige h\u00e4ufiger gefragte Techniken haben wir Trainingsmaterial angefertigt. Manche weniger bekannte , aber hervorragende Technologien sind uns pers\u00f6nlich zu wichtig, als dass sie von der Masse \u00fcbersehen werden sollten. Daher finden Sie hier auch dar\u00fcber Material und Wissen.<\/p>\n<p>&nbsp;<\/p>\n","protected":false},"excerpt":{"rendered":"<p>Neue Arbeitsweisen, innovative Technologien und Kreativtechniken sind unser t\u00e4gliches Arbeitsumfeld seit \u00fcber 20 Jahren. Wir sind \u00fcberzeugt davon, dass die Verbreitung unseres Wissens zu einem Mehrwert f\u00fcr die Gesellschaft f\u00fchrt. Daher bieten wir eine Reihe von Standardtrainings an. Wir nehmen uns aber auch gern ihren spezifischen Problemen an und helfen Ihnen dabei sie zu l\u00f6sen.&hellip;<\/p>\n","protected":false},"author":1,"featured_media":0,"parent":0,"menu_order":0,"comment_status":"closed","ping_status":"closed","template":"","meta":[],"_links":{"self":[{"href":"http:\/\/www.kraftraum-design.de\/index.php\/wp-json\/wp\/v2\/pages\/636"}],"collection":[{"href":"http:\/\/www.kraftraum-design.de\/index.php\/wp-json\/wp\/v2\/pages"}],"about":[{"href":"http:\/\/www.kraftraum-design.de\/index.php\/wp-json\/wp\/v2\/types\/page"}],"author":[{"embeddable":true,"href":"http:\/\/www.kraftraum-design.de\/index.php\/wp-json\/wp\/v2\/users\/1"}],"replies":[{"embeddable":true,"href":"http:\/\/www.kraftraum-design.de\/index.php\/wp-json\/wp\/v2\/comments?post=636"}],"version-history":[{"count":3,"href":"http:\/\/www.kraftraum-design.de\/index.php\/wp-json\/wp\/v2\/pages\/636\/revisions"}],"predecessor-version":[{"id":702,"href":"http:\/\/www.kraftraum-design.de\/index.php\/wp-json\/wp\/v2\/pages\/636\/revisions\/702"}],"wp:attachment":[{"href":"http:\/\/www.kraftraum-design.de\/index.php\/wp-json\/wp\/v2\/media?parent=636"}],"curies":[{"name":"wp","href":"https:\/\/api.w.org\/{rel}","templated":true}]}}